{"id":1163,"date":"2021-07-01T21:25:52","date_gmt":"2021-07-01T21:25:52","guid":{"rendered":"http:\/\/branko.microblading.education\/?page_id=1163"},"modified":"2021-07-27T10:49:44","modified_gmt":"2021-07-27T10:49:44","slug":"privacy-policy","status":"publish","type":"page","link":"https:\/\/branko.microblading.education\/es\/privacy-policy\/","title":{"rendered":"Privacy policy"},"content":{"rendered":"<div data-elementor-type=\"wp-page\" data-elementor-id=\"1163\" class=\"elementor elementor-1163\" data-elementor-post-type=\"page\">\n\t\t\t\t\t\t\t\t\t<section class=\"elementor-section elementor-top-section elementor-element elementor-element-79b83f15 elementor-section-boxed elementor-section-height-default elementor-section-height-default\" data-id=\"79b83f15\" data-element_type=\"section\">\n\t\t\t\t\t\t<div class=\"elementor-container elementor-column-gap-default\">\n\t\t\t\t\t<div class=\"elementor-column elementor-col-33 elementor-top-column elementor-element elementor-element-52902693\" data-id=\"52902693\" data-element_type=\"column\">\n\t\t\t<div class=\"elementor-widget-wrap\">\n\t\t\t\t\t\t\t\t\t<\/div>\n\t\t<\/div>\n\t\t\t\t<div class=\"elementor-column elementor-col-33 elementor-top-column elementor-element elementor-element-64db391b\" data-id=\"64db391b\" data-element_type=\"column\">\n\t\t\t<div class=\"elementor-widget-wrap\">\n\t\t\t\t\t\t\t\t\t<\/div>\n\t\t<\/div>\n\t\t\t\t<div class=\"elementor-column elementor-col-33 elementor-top-column elementor-element elementor-element-30b521d1 elementor-hidden-tablet elementor-hidden-phone\" data-id=\"30b521d1\" data-element_type=\"column\">\n\t\t\t<div class=\"elementor-widget-wrap\">\n\t\t\t\t\t\t\t\t\t<\/div>\n\t\t<\/div>\n\t\t\t\t\t\t\t<\/div>\n\t\t<\/section>\n\t\t\t\t<section class=\"elementor-section elementor-top-section elementor-element elementor-element-63725049 elementor-section-boxed elementor-section-height-default elementor-section-height-default\" data-id=\"63725049\" data-element_type=\"section\">\n\t\t\t\t\t\t<div class=\"elementor-container elementor-column-gap-default\">\n\t\t\t\t\t<div class=\"elementor-column elementor-col-100 elementor-top-column elementor-element elementor-element-74efccd4\" data-id=\"74efccd4\" data-element_type=\"column\">\n\t\t\t<div class=\"elementor-widget-wrap elementor-element-populated\">\n\t\t\t\t\t\t\t\t<div class=\"elementor-element elementor-element-3568bc39 elementor-widget elementor-widget-heading\" data-id=\"3568bc39\" data-element_type=\"widget\" data-widget_type=\"heading.default\">\n\t\t\t\t<div class=\"elementor-widget-container\">\n\t\t\t<h2 class=\"elementor-heading-title elementor-size-default\"><header style=\"color: rgb(0, 0, 0); font-family: Gotham; font-size: 14px; font-style: normal; white-space: normal;\"><h1 style=\"margin: 0px 0px 10px; font-size: 36px; font-family: &quot;Gotham Bold&quot;; line-height: 1.1; text-align: center; text-transform: uppercase; overflow-wrap: break-word;\">POL\u00cdTICA DE PRIVACIDAD<\/h1><\/header><\/h2>\t\t<\/div>\n\t\t\t\t<\/div>\n\t\t\t\t<div class=\"elementor-element elementor-element-5d8aebf6 elementor-widget elementor-widget-text-editor\" data-id=\"5d8aebf6\" data-element_type=\"widget\" data-widget_type=\"text-editor.default\">\n\t\t\t\t<div class=\"elementor-widget-container\">\n\t\t\t\t\t\t\t<p><em>Con esta informaci\u00f3n,<\/em><em> Slobodan Spasojevic PR Specijalizovane Dizajnerske Delatnosti PhiStock\u00a0<\/em><em> (en adelante, &quot;PhiStock&quot; o &quot;nosotros&quot;) le informa sobre el procesamiento de sus datos personales (&quot;Datos&quot;), as\u00ed como sus reclamaciones y derechos de protecci\u00f3n de datos de acuerdo con el Reglamento General de Protecci\u00f3n de Datos (UE) 2016\/679 (GDPR) y la Ley de Protecci\u00f3n de Datos Personales de Serbia, con respecto a lo siguiente:\u00a0<\/em><\/p><ol><li><em>\u00bfQU\u00c9 DATOS SE TRATAN?<\/em><\/li><\/ol><p><em>Procesamos los Datos que recibimos de usted cuando se registra en nuestro sitio web danielle.microblading.education<\/em><em>\u00a0y todos los subdominios podr\u00e1n ser creados para este dominio (en adelante \u201cSitio Web\u201d).<\/em><\/p><p><em>Estos datos incluyen:<\/em><\/p><ul><li><strong><em>Tus detalles personales:<\/em><\/strong><em>\u00a0nombre y apellido, ciudad, pa\u00eds (estado), edad, direcci\u00f3n de correo electr\u00f3nico y n\u00famero de tel\u00e9fono <\/em><\/li><li><strong><em>Tu ocupaci\u00f3n\u00a0<\/em><\/strong><em>(opcional)<\/em><\/li><li><strong><em>Tu nota<\/em><\/strong><em>\u00a0(opcional)<\/em><\/li><\/ul><ol start=\"2\"><li><em> \u00bfCON QU\u00c9 FINALIDADES SE TRATAN LOS DATOS?<\/em><\/li><\/ol><p><em>2.1 Inscripci\u00f3n y participaci\u00f3n<\/em><\/p><p><strong><em>Objetivo:<\/em><\/strong><\/p><p><em>Procesamos los datos que proporcion\u00f3 cuando complet\u00f3 el formulario de reserva en el sitio web para registrar su asistencia a la capacitaci\u00f3n y para informarle sobre la capacitaci\u00f3n en la que est\u00e1 registrado (fecha, hora y direcci\u00f3n de la capacitaci\u00f3n). Tambi\u00e9n tratamos sus Datos para preparar material de formaci\u00f3n personalizado y poder responder al mensaje que nos envi\u00f3 a trav\u00e9s del formulario de reserva en el Sitio Web.<\/em><\/p><p><strong><em>Base legal:<\/em><\/strong><\/p><p><em>Procesamos los Datos en base a su consentimiento y con el prop\u00f3sito de cumplir con nuestras obligaciones contractuales cuando participa en la Capacitaci\u00f3n.<\/em><\/p><p><strong><em>Duraci\u00f3n:<\/em><\/strong><\/p><p><em>Siempre y cuando no retire su consentimiento. Puede retirar su consentimiento en cualquier momento por correo electr\u00f3nico a danielle.phibrows@gmail.com<\/em><em>.<\/em><\/p><p><em>2.2 Bolet\u00edn<\/em><\/p><p><strong><em>Objetivo:<\/em><\/strong><\/p><p><em>Procesamos los datos que proporcion\u00f3 cuando se suscribi\u00f3 al bolet\u00edn de noticias de PhiStock en el sitio web con fines de marketing directo. Le enviaremos boletines personalizados por correo electr\u00f3nico y le informaremos sobre ofertas, servicios y eventos de PhiAcademy y nuestras empresas afiliadas si, en funci\u00f3n de sus Datos, asumimos que esta informaci\u00f3n es particularmente relevante e interesante para usted.<\/em><\/p><p><strong><em>Base legal:<\/em><\/strong><\/p><p><em>Procesamos estos Datos en base a su consentimiento. Puede retirar su consentimiento en cualquier momento por correo electr\u00f3nico a danielle.phibrows@gmail.com<\/em><em>\u00a0o si hace clic en el enlace para darse de baja en cada correo del bolet\u00edn.<\/em><\/p><p><strong><em>Duraci\u00f3n:<\/em><\/strong><\/p><p><em>Siempre y cuando no retire su consentimiento. A m\u00e1s tardar 30 d\u00edas despu\u00e9s<br \/>Retiro de su consentimiento Todos los datos (incluidas las copias de seguridad) se eliminan.<\/em><\/p><p><em>2.3 Comercializaci\u00f3n<\/em><\/p><p><strong><em>Objetivo:<\/em><\/strong><\/p><p><em>Procesamos sus Datos con el prop\u00f3sito de marketing directo para ofertas, servicios y eventos de PhiAcademy y sus afiliados. Podemos combinar Datos que nosotros o nuestros proveedores hemos recopilado con Datos recopilados por nuestros afiliados para proporcionar una imagen m\u00e1s detallada de las necesidades e intereses de nuestros usuarios<\/em><\/p><p><strong><em>Base legal:<\/em><\/strong><\/p><p><em>Procesamos estos Datos mencionados anteriormente sobre la base de nuestro inter\u00e9s leg\u00edtimo en la publicidad y el marketing directos.<\/em><\/p><p><strong><em>Duraci\u00f3n:<\/em><\/strong><\/p><p><em>Sus datos se procesar\u00e1n hasta que se oponga a este procesamiento. Despu\u00e9s de que se haya presentado una objeci\u00f3n, eliminaremos sus Datos.<\/em><\/p><p><em>2.3 Publicidad de la Formaci\u00f3n<\/em><\/p><p><strong><em>Objetivo:<\/em><\/strong><\/p><p><em>Tambi\u00e9n procesamos videos\/fotos que tomamos durante el Entrenamiento. Estos videos\/fotos est\u00e1n hechos para mostrar a los futuros participantes y partes interesadas qu\u00e9 esperar de una capacitaci\u00f3n. Por lo tanto, tomamos fotograf\u00edas de los participantes, por ejemplo, una foto grupal con los entrenadores o si prueban nuevos m\u00e9todos de tratamiento. Siempre nos aseguramos de que los participantes se muestren de forma ventajosa y nunca comprometedora o denigrante. Procesamos estos videos\/fotos para la preparaci\u00f3n de informes sobre la Capacitaci\u00f3n, para proporcionar informaci\u00f3n sobre la Capacitaci\u00f3n en nuestro sitio web y para realizar marketing directo y publicidad a trav\u00e9s de medios electr\u00f3nicos y no electr\u00f3nicos.<\/em><\/p><p><strong><em>Base legal:<\/em><\/strong><\/p><p><em>Procesamos estos Datos mencionados anteriormente sobre la base de nuestro inter\u00e9s leg\u00edtimo en la publicidad y el marketing directos.<\/em><\/p><p><strong><em>Duraci\u00f3n:<\/em><\/strong><\/p><p><em>Sus datos se procesar\u00e1n hasta que se oponga a este procesamiento. Si se opone, eliminaremos sus Datos o lo haremos irreconocible en las fotos y videos.<\/em><\/p><p><em>M\u00e1s all\u00e1 de eso, procesamos sus Datos solo mientras exista una obligaci\u00f3n legal de hacerlo o los necesitemos para el ejercicio o la defensa de reclamaciones legales.<\/em><\/p><ol start=\"3\"><li><em>\u00bfQUI\u00c9N RECIBE TUS DATOS?<\/em><\/li><\/ol><p><em>Dentro de PhiStock y nuestra empresa afiliada PhiAcademy, aquellos empleados que los necesiten para los fines descritos anteriormente recibir\u00e1n sus datos. Si estamos legalmente obligados a hacerlo, tambi\u00e9n transferiremos sus Datos a organismos p\u00fablicos autorizados.<\/em><\/p><ol start=\"5\"><li><em>\u00bfEST\u00c1 OBLIGADO A FACILITAR DATOS?<\/em><\/li><\/ol><p><em>Para reservar un lugar para la Capacitaci\u00f3n, para recibir una respuesta a su mensaje o bolet\u00edn, es necesario que proporcione los Datos que necesitamos para cumplir con nuestras obligaciones contractuales con usted y para realizar nuestras actuaciones y servicios voluntarios. Dichos Datos est\u00e1n marcados con (*) como obligatorios. A menos que proporcione esos Datos obligatorios, generalmente no podremos proporcionar nuestros servicios.<\/em><\/p><ol start=\"5\"><li><em> GALLETAS<\/em><\/li><\/ol><p><em>5.1 Cookies t\u00e9cnicamente requeridas<\/em><\/p><p><em>Utilizamos cookies en nuestro sitio web, que son peque\u00f1os archivos almacenados en su dispositivo (navegador web). En su pr\u00f3xima visita a nuestro sitio web utilizando el mismo dispositivo, la informaci\u00f3n almacenada en las cookies se devolver\u00e1 posteriormente a nuestro sitio web. Utilizamos los datos recopilados a trav\u00e9s de estas cookies para representar mejor nuestro sitio web y hacer que nuestras ofertas sean f\u00e1ciles de usar, por ejemplo, para evaluar el uso de nuestro sitio web. Algunas cookies permanecen almacenadas en su dispositivo hasta que las elimine. Nos permiten reconocer su navegador en su pr\u00f3xima visita. Otras cookies solo se almacenan en nuestro sitio web durante la duraci\u00f3n de su visita.<\/em><\/p><p><em>Se utilizan las siguientes cookies:<\/em><\/p><table width=\"1040\"><tbody><tr><td><p>Nombre de la galleta<\/p><\/td><td><p>Objetivo<\/p><\/td><td><p>Periodo de almacenamiento<\/p><\/td><\/tr><tr><td><p>PHPSESSID<\/p><\/td><td><p>Su ID de sesi\u00f3n en el servidor.<\/p><\/td><td><p>1 hora<\/p><\/td><\/tr><\/tbody><\/table><p><em>Esta cookie es t\u00e9cnicamente necesaria para la presentaci\u00f3n del sitio web. Puede desactivar la configuraci\u00f3n de cookies en la configuraci\u00f3n de su navegador. Tenga en cuenta que una desactivaci\u00f3n general de las cookies puede dar lugar a limitaciones funcionales de nuestro sitio web.<\/em><\/p><p><em>5.2 Google Analytics<\/em><\/p><p><em>Adem\u00e1s, utilizamos las Cookies de Google Analytics, un servicio de an\u00e1lisis web prestado por Google LLC (en adelante, \u201cGoogle\u201d). Estas cookies transmiten datos sobre su uso del sitio web a un servidor de Google en EE. UU. Sin embargo, Google acortar\u00e1 su direcci\u00f3n IP antes de la transmisi\u00f3n y los datos transmitidos ya no podr\u00e1n asociarse con su persona. Google utilizar\u00e1 esta informaci\u00f3n para evaluar los datos generales de uso de nuestro sitio web y para compilar informes sobre las actividades del sitio web. Si desea evitar el uso de cookies de Google Analytics, puede hacerlo a trav\u00e9s de la configuraci\u00f3n de su navegador (consulte la secci\u00f3n 6.1) o puede instalar el complemento del navegador disponible en el siguiente enlace:\u00a0<\/em><a href=\"http:\/\/tools.google.com\/dlpage\/gaoptout\"><em>http:\/\/tools.google.com\/dlpage\/gaoptout<\/em><\/a><em>.<\/em><\/p><p><em>Para obtener informaci\u00f3n sobre c\u00f3mo Google y sus afiliados utilizan los datos y las pr\u00e1cticas de almacenamiento, visite la Pol\u00edtica de privacidad de Google, actualmente disponible en:\u00a0<\/em><a href=\"https:\/\/www.google.com\/privacy.html\"><em>https:\/\/www.google.com\/privacy.html<\/em><\/a><em>.<\/em><\/p><table width=\"1040\"><tbody><tr><td><p>Cookies de Google Analytics<\/p><\/td><td><p>Objetivo<\/p><\/td><td><p>Periodo de almacenamiento<\/p><\/td><\/tr><tr><td><p>_rev\u00f3lver<\/p><\/td><td><p>Determinado por Google Analytics para identificar sesiones \u00fanicas<\/p><\/td><td><p>30 minutos \u00a0<\/p><\/td><\/tr><tr><td><p>_gid<\/p><\/td><td><p>Determinado por Google Analytics para identificar sesiones \u00fanicas<\/p><\/td><td><p>30 minutos \u00a0<\/p><\/td><\/tr><tr><td><p>_Georgia<\/p><\/td><td><p>Determinado por Google Analytics para identificar sesiones \u00fanicas<\/p><\/td><td><p>30 minutos \u00a0<\/p><\/td><\/tr><\/tbody><\/table><p><em>6.3 P\u00cdXEL DE AUDIENCIA DE FACEBOOK<\/em><\/p><p><em>Tambi\u00e9n utilizamos la herramienta de an\u00e1lisis Facebook Audience Pixel de Facebook Ireland Limited o Facebook Inc. para medir la efectividad de nuestra publicidad. El p\u00edxel recopila informaci\u00f3n sobre el uso del sitio web, como cu\u00e1ndo se usa el sitio web y si se colocan productos en la cesta de la compra, y transmite esa informaci\u00f3n a los servidores de Facebook en Irlanda y Estados Unidos. Esta informaci\u00f3n tambi\u00e9n puede cotejarse con otra informaci\u00f3n de Facebook o nuestra informaci\u00f3n que tenemos sobre usted. Todos los datos recopilados por este p\u00edxel est\u00e1n encriptados por Facebook usando &quot;hashes&quot;. Facebook Ireland Limited se encuentra en la Uni\u00f3n Europea; Facebook Inc. est\u00e1 ubicada en Estados Unidos y cuenta con un Certificado de Escudo de Privacidad que garantiza la protecci\u00f3n de sus datos.<\/em><\/p><p><em>La recopilaci\u00f3n de datos por parte de Facebook Pixel solo se realiza con su consentimiento. Este consentimiento puede ser retirado por usted en cualquier momento. La comparaci\u00f3n de los datos con los datos almacenados por nosotros se basa en nuestro inter\u00e9s leg\u00edtimo en marketing y fidelizaci\u00f3n de clientes.<\/em><\/p><ol start=\"6\"><li><em>SUS DERECHOS EN EL MARCO DEL TRATAMIENTO DE SUS DATOS<\/em><\/li><\/ol><p><em>tienes derecho<\/em><\/p><ul><li><em>para solicitar informaci\u00f3n sobre cu\u00e1les de sus Datos personales procesamos;<\/em><\/li><li><em>para rectificar o borrar sus Datos;<\/em><\/li><li><em>para restringir el procesamiento de sus Datos;<\/em><\/li><li><em>retirar su consentimiento;<\/em><\/li><li><em>oponerse al procesamiento de sus Datos;<\/em><\/li><li><em>a la portabilidad de datos.<\/em><\/li><\/ul><p><em>Si cree que violamos sus derechos bajo el RGPD o la ley nacional de protecci\u00f3n de datos al procesar sus Datos, cont\u00e1ctenos. Esta es la \u00fanica forma en que podemos tratar sus inquietudes lo m\u00e1s r\u00e1pido posible. Tambi\u00e9n tiene derecho a presentar una queja ante una autoridad supervisora (en Serbia:\u00a0<\/em><a href=\"http:\/\/www.poverenik.rs\/\"><em>www.poverenik.rs<\/em><\/a><em>)<\/em><\/p><ol start=\"7\"><li><em>TOMA DE DECISIONES AUTOMATIZADA<\/em><\/li><\/ol><p><em>No utilizamos la toma de decisiones ni la elaboraci\u00f3n de perfiles automatizados.<\/em><\/p><ol start=\"8\"><li><em> \u00bfA QUI\u00c9N PUEDES CONTACTAR?<\/em><\/li><\/ol><p><em>Si tiene alguna solicitud o inquietud, puede contactarnos directamente por correo electr\u00f3nico, por tel\u00e9fono o por correo postal a la siguiente direcci\u00f3n:<\/em><\/p><p><em>Slobodan Spasojevic PR Specijalizovane Dizajnerske Delatnosti PhiStock<\/em> <em>Ratkovo<strong> <br \/>Direcci\u00f3n<\/strong>: Cara Dusana 29, 25253 Ratkovo, Serbia<br \/>Email:\u00a0<\/em><a href=\"mailto:courses@phibrows.com\"><em>support@phistock.com<\/em><\/a><\/p>\t\t\t\t\t\t<\/div>\n\t\t\t\t<\/div>\n\t\t\t\t\t<\/div>\n\t\t<\/div>\n\t\t\t\t\t\t\t<\/div>\n\t\t<\/section>\n\t\t\t\t<section class=\"elementor-section elementor-top-section elementor-element elementor-element-7291210f elementor-section-boxed elementor-section-height-default elementor-section-height-default\" data-id=\"7291210f\" data-element_type=\"section\" data-settings=\"{&quot;background_background&quot;:&quot;classic&quot;}\">\n\t\t\t\t\t\t<div class=\"elementor-container elementor-column-gap-default\">\n\t\t\t\t\t<div class=\"elementor-column elementor-col-100 elementor-top-column elementor-element elementor-element-ae97213\" data-id=\"ae97213\" data-element_type=\"column\">\n\t\t\t<div class=\"elementor-widget-wrap\">\n\t\t\t\t\t\t\t\t\t<\/div>\n\t\t<\/div>\n\t\t\t\t\t\t\t<\/div>\n\t\t<\/section>\n\t\t\t\t\t\t\t<\/div>","protected":false},"excerpt":{"rendered":"<p>PRIVACY POLICY With this information, Slobodan Spasojevic PR Specijalizovane Dizajnerske Delatnosti PhiStock\u00a0 (hereinafter \u201cPhiStock\u201c or \u201cwe\u201c) informs you about the processing of your personal data (\u201cData\u201c) as well as your Data protection claims and rights in accordance with the General Data Protection Regulation (EU) 2016\/679 (GDPR) and the Serbian Personal Data Protection Act, in regard [&hellip;]<\/p>","protected":false},"author":12,"featured_media":0,"parent":0,"menu_order":0,"comment_status":"closed","ping_status":"closed","template":"","meta":{"footnotes":""},"class_list":["post-1163","page","type-page","status-publish","hentry"],"_links":{"self":[{"href":"https:\/\/branko.microblading.education\/es\/wp-json\/wp\/v2\/pages\/1163","targetHints":{"allow":["GET"]}}],"collection":[{"href":"https:\/\/branko.microblading.education\/es\/wp-json\/wp\/v2\/pages"}],"about":[{"href":"https:\/\/branko.microblading.education\/es\/wp-json\/wp\/v2\/types\/page"}],"author":[{"embeddable":true,"href":"https:\/\/branko.microblading.education\/es\/wp-json\/wp\/v2\/users\/12"}],"replies":[{"embeddable":true,"href":"https:\/\/branko.microblading.education\/es\/wp-json\/wp\/v2\/comments?post=1163"}],"version-history":[{"count":11,"href":"https:\/\/branko.microblading.education\/es\/wp-json\/wp\/v2\/pages\/1163\/revisions"}],"predecessor-version":[{"id":2068,"href":"https:\/\/branko.microblading.education\/es\/wp-json\/wp\/v2\/pages\/1163\/revisions\/2068"}],"wp:attachment":[{"href":"https:\/\/branko.microblading.education\/es\/wp-json\/wp\/v2\/media?parent=1163"}],"curies":[{"name":"wp","href":"https:\/\/api.w.org\/{rel}","templated":true}]}}